{"id":1654,"date":"2024-07-15T11:39:32","date_gmt":"2024-07-15T11:39:32","guid":{"rendered":"https:\/\/ivvfinland.fi\/rekisteriseloste\/"},"modified":"2024-08-23T12:31:49","modified_gmt":"2024-08-23T12:31:49","slug":"rekisteriseloste","status":"publish","type":"page","link":"https:\/\/ivvfinland.fi\/de\/rekisteriseloste\/","title":{"rendered":"Registerauszug"},"content":{"rendered":"\n<h1 class=\"wp-block-heading\">Registerauszug<\/h1>\n\n<h2 class=\"wp-block-heading\">Registrator<\/h2>\n\n<p>Pirkanmaan matkailu ry<br\/><br\/>Bei Bedarf k\u00f6nnen Sie weitere Informationen zur Datenverarbeitung und zum Datenschutz erfragen: info@ivvfinland.fi<\/p>\n\n<h2 class=\"wp-block-heading\">Eingetragen<\/h2>\n\n<p>\u00dcber die bei den IVV Olympiaden gemeldeten Personen wird ein Verzeichnis gef\u00fchrt.<\/p>\n\n<h2 class=\"wp-block-heading\">Zweck der Verwendung personenbezogener Daten<\/h2>\n\n<p>Grundlage f\u00fcr die F\u00fchrung des Verzeichnisses:<\/p>\n\n<ul class=\"wp-block-list\">\n<li>Die Verarbeitung personenbezogener Daten erfolgt auf Grundlage des angemeldeten Kunden-Verh\u00e4ltnisses.<\/li>\n<\/ul>\n\n<p><strong>Zweck der Verarbeitung und Registrierung personenbezogener Daten<\/strong><\/p>\n\n<p>Personenbezogene Daten werden nur zu vorab festgelegten Zwecken verarbeitet, <br\/>die wie folgt lauten: <\/p>\n\n<ul class=\"wp-block-list\">\n<li>Kundenbeziehungs management <\/li>\n\n\n\n<li>Berichten \u00fcber unsere Dienstleistungen<\/li>\n<\/ul>\n\n<h2 class=\"wp-block-heading\">Im Register zu speichernde personenbezogene Daten<\/h2>\n\n<p>Das Kundenregister enth\u00e4lt folgende Informationen:<\/p>\n\n<p>Kontaktinformationen<\/p>\n\n<ul class=\"wp-block-list\">\n<li>Name<\/li>\n\n\n\n<li>Adresse<\/li>\n\n\n\n<li>E-Mail<\/li>\n\n\n\n<li>Telefonnummer<\/li>\n<\/ul>\n\n<p>Kundeninformationen:<\/p>\n\n<ul class=\"wp-block-list\">\n<li>Informationen \u00fcber gekaufte Produkte\/Dienstleistungen<\/li>\n<\/ul>\n\n<h2 class=\"wp-block-heading\"><strong>Rechte der betroffenen Person<\/strong><\/h2>\n\n<p>Dem Registranten stehen folgende Rechte zu, deren Nutzung bitte an die angegebene Adresse zu richten ist: <strong>info@ivvfinland.fi<\/strong><\/p>\n\n<p><strong>Einsichtsrecht <\/strong><\/p>\n\n<p>Die registrierte Person kann die bei uns gespeicherten personenbezogenen Daten einsehen. <\/p>\n\n<p><strong>Recht auf Berichtigung der Daten<\/strong><\/p>\n\n<p>Die registrierte Person kann die Berichtigung unrichtiger oder unvollst\u00e4ndiger Angaben verlangen.<\/p>\n\n<p><strong>Widerspruchsrecht<\/strong> <\/p>\n\n<p>Die registrierte Person kann der Verarbeitung personenbezogener Daten widersprechen, wenn sie der Meinung ist, dass personenbezogene Daten rechtswidrig verarbeitet wurden. <\/p>\n\n<p><strong>Verbot von Direktmarketing<\/strong> <\/p>\n\n<p>Die registrierte Person hat das Recht, die Verwendung der Daten f\u00fcr Direktmarketing zu untersagen. <\/p>\n\n<p><strong>Recht auf L\u00f6schung <\/strong><\/p>\n\n<p>Die registrierte Person hat das Recht, die L\u00f6schung der Daten zu verlangen, sofern die Datenverarbeitung nicht erforderlich ist. Wir werden L\u00f6schantr\u00e4ge bearbeiten, indem wir entweder die Daten l\u00f6schen oder einen berechtigten Grund angeben, warum die Daten nicht gel\u00f6scht werden k\u00f6nnen.  <\/p>\n\n<p>Es ist zu beachten, dass den Verantwortlichen ein gesetzliches oder sonstiges Recht zustehen kann, die angeforderten Daten nicht zu l\u00f6schen.<br\/>Der Registrar ist gem\u00e4\u00df Buchf\u00fchrungsgesetz (Kapitel 2, \u00a7 10) zur Aufbewahrung von Buchhaltungsunterlagen verpflichtet, entsprechend dem angegebenen Zeitraum (10 Jahre). Aus diesem Grund k\u00f6nnen buchhaltungsrelevante Materialien nicht gel\u00f6scht werden bevor diese Frist abl\u00e4uft.  <\/p>\n\n<p><strong>Widerruf der Einwilligung<\/strong><\/p>\n\n<p>Sofern die Verarbeitung personenbezogener Daten der registrierten Person ausschlie\u00dflich auf einer Einwilligung beruht und nicht z.B. bez\u00fcglich einer Kundenbindung oder Mitgliedschaft, kann die betroffene Person ihre Einwilligung widerrufen. <\/p>\n\n<p><strong>Die registrierte Person kann gegen die Entscheidung Berufung beim Datenschutzbeauftragten einlegen.<\/strong> <\/p>\n\n<p>Die registrierte Person hat das Recht, von uns bis zur Kl\u00e4rung der Angelegenheit, die Einschr\u00e4nkung der Verarbeitung beanstandeter Daten zu verlangen, gel\u00f6st zu werden. <\/p>\n\n<p><strong>Beschwerderecht <\/strong><\/p>\n\n<p>Der registrierten Person steht das Recht zu, eine Beschwerde beim Datenschutzbeauftragten einzureichen, wenn sie der Meinung ist, dass wir bei der Verarbeitung personenbezogener Daten gegen geltende Datenschutzregeln versto\u00dfen haben. <\/p>\n\n<p>Kontaktinformationen des Datenschutzbeauftragten: <a href=\"http:\/\/www.tietosuoja.fi\/fi\/index\/yhteystiedot.html\" target=\"_blank\" rel=\"noopener\">www.tietosuoja.fi\/fi\/index\/yhteystiedot.html<\/a> <\/p>\n\n<h2 class=\"wp-block-heading\"><strong>Regelm\u00e4\u00dfige Informationsquellen<\/strong><\/h2>\n\n<p>Kundeninformationen werden regelm\u00e4\u00dfig entgegengenommen:<\/p>\n\n<ul class=\"wp-block-list\">\n<li>vom Kunden selbst bei der Erstellung der Kundenbeziehung<\/li>\n<\/ul>\n\n<h2 class=\"wp-block-heading\"><strong>Regelm\u00e4\u00dfige Offenlegung von Informationen<\/strong><\/h2>\n\n<p>Die Informationen werden nicht f\u00fcr Marketingzwecke von Pirkanmaan Matkailu ry und der Organisatoren der IVV-Olympiaden weitergegeben. <\/p>\n\n<p>Wir haben sichergestellt, dass alle unsere Dienstleister die Datenschutzgesetze einhalten. Wir verwenden regelm\u00e4\u00dfig folgende Dienstleister:  <\/p>\n\n<ul class=\"wp-block-list\">\n<li>Mailchimp-Newsletterprogramm<\/li>\n<\/ul>\n\n<p>Wir senden den Teilnehmern aktuelle Hinweise zur Teilnahme an der Veranstaltung <br\/>per E-Mail zu.<\/p>\n\n<h2 class=\"wp-block-heading\"><strong>Dauer der Verarbeitung<\/strong><\/h2>\n\n<ul class=\"wp-block-list\">\n<li>Grunds\u00e4tzlich werden personenbezogene Daten solange verarbeitet, wie das Kundenverh\u00e4ltnis besteht. <\/li>\n\n\n\n<li>Der Anmelder kann sich in jedem von uns versendeten Newsletter \u00fcber den Link in unserer Marketing-E-Mail von unserem Newsletter abmelden. <\/li>\n<\/ul>\n\n<h2 class=\"wp-block-heading\"><strong>Verarbeiter personenbezogener Daten<\/strong><\/h2>\n\n<p>Die Verantwortlichen und ihre Mitarbeiter verarbeiten personenbezogene Daten. Wir k\u00f6nnen personenbezogene Daten auch auslagern. Teilweise geben wir die Verarbeitung an Dritte weiter, wobei wir in diesem Fall durch vertragliche Regelungen gew\u00e4hrleisten, dass die personenbezogenen Daten im Einklang mit den geltenden Datenschutzgesetzen nicht verarbeitet werden.  <\/p>\n\n<h2 class=\"wp-block-heading\"><strong>Daten\u00fcbermittlung au\u00dferhalb der EU <\/strong><\/h2>\n\n<p>Es kommt regelm\u00e4\u00dfig zu einer Daten\u00fcbermittlung au\u00dferhalb der EU bzw. des Europ\u00e4ischen Wirtschaftsraums. Wenn Daten \u00fcbertragen werden au\u00dferhalb der EU und des EWR sorgen wir unter anderem durch Vereinbarungen f\u00fcr ein angemessenes Schutzniveau personenbezogener Daten. Angelegenheiten im Zusammenhang mit der Vertraulichkeit und Verarbeitung personenbezogener Daten gem\u00e4\u00df den gesetzlichen Bestimmungen. <\/p>\n\n<h2 class=\"wp-block-heading\"><strong>Automatische Entscheidungsfindung und Profilierung <\/strong><\/h2>\n\n<p>Wir nutzen die Daten nicht f\u00fcr eine automatische Entscheidungsfindung oder ein Profiling.<\/p>\n\n<h2 class=\"wp-block-heading\"><strong>Netzwerkanalyse<\/strong><\/h2>\n\n<p>Die folgenden Dienste sammeln anonymisierte Informationen \u00fcber Website-Besuche <br\/>ohne personenbezogene Daten.<\/p>\n\n<ul class=\"wp-block-list\">\n<li>Matomo-Analyseprogramm<\/li>\n<\/ul>\n\n<h2 class=\"wp-block-heading\"><strong>Gezieltes Marketing<\/strong><\/h2>\n\n<p>Basierend auf dem Besuch der Website k\u00f6nnen wir gezielte Werbung in den folgenden Diensten schalten<\/p>\n\n<ul class=\"wp-block-list\">\n<li>Google<\/li>\n\n\n\n<li>Facebook<\/li>\n\n\n\n<li>Instagram<\/li>\n<\/ul>\n","protected":false},"excerpt":{"rendered":"<p>Registerauszug Registrator Pirkanmaan matkailu ry Bei Bedarf k\u00f6nnen Sie weitere Informationen zur Datenverarbeitung und zum Datenschutz erfragen: info@ivvfinland.fi Eingetragen \u00dcber die bei den IVV Olympiaden gemeldeten Personen wird ein Verzeichnis&#8230;<\/p>\n","protected":false},"author":1,"featured_media":1184,"parent":0,"menu_order":0,"comment_status":"closed","ping_status":"open","template":"","meta":{"_kad_blocks_custom_css":"","_kad_blocks_head_custom_js":"","_kad_blocks_body_custom_js":"","_kad_blocks_footer_custom_js":"","_EventAllDay":false,"_EventTimezone":"","_EventStartDate":"","_EventEndDate":"","_EventStartDateUTC":"","_EventEndDateUTC":"","_EventShowMap":false,"_EventShowMapLink":false,"_EventURL":"","_EventCost":"","_EventCostDescription":"","_EventCurrencySymbol":"","_EventCurrencyCode":"","_EventCurrencyPosition":"","_EventDateTimeSeparator":"","_EventTimeRangeSeparator":"","_EventOrganizerID":[],"_EventVenueID":[],"_OrganizerEmail":"","_OrganizerPhone":"","_OrganizerWebsite":"","_VenueAddress":"","_VenueCity":"","_VenueCountry":"","_VenueProvince":"","_VenueState":"","_VenueZip":"","_VenuePhone":"","_VenueURL":"","_VenueStateProvince":"","_VenueLat":"","_VenueLng":"","_VenueShowMap":false,"_VenueShowMapLink":false,"_kadence_starter_templates_imported_post":false,"_kad_post_transparent":"","_kad_post_title":"hide","_kad_post_layout":"","_kad_post_sidebar_id":"","_kad_post_content_style":"","_kad_post_vertical_padding":"","_kad_post_feature":"","_kad_post_feature_position":"","_kad_post_header":false,"_kad_post_footer":false,"_kad_post_classname":"","footnotes":""},"class_list":["post-1654","page","type-page","status-publish","has-post-thumbnail","hentry"],"taxonomy_info":[],"featured_image_src_large":["https:\/\/ivvfinland.fi\/wp-content\/uploads\/2024\/07\/Blue-stripes-background-1-986x1024.jpg",986,1024,true],"author_info":{"display_name":"admin","author_link":"https:\/\/ivvfinland.fi\/de\/author\/jj_admin\/"},"comment_info":0,"_links":{"self":[{"href":"https:\/\/ivvfinland.fi\/de\/wp-json\/wp\/v2\/pages\/1654","targetHints":{"allow":["GET"]}}],"collection":[{"href":"https:\/\/ivvfinland.fi\/de\/wp-json\/wp\/v2\/pages"}],"about":[{"href":"https:\/\/ivvfinland.fi\/de\/wp-json\/wp\/v2\/types\/page"}],"author":[{"embeddable":true,"href":"https:\/\/ivvfinland.fi\/de\/wp-json\/wp\/v2\/users\/1"}],"replies":[{"embeddable":true,"href":"https:\/\/ivvfinland.fi\/de\/wp-json\/wp\/v2\/comments?post=1654"}],"version-history":[{"count":2,"href":"https:\/\/ivvfinland.fi\/de\/wp-json\/wp\/v2\/pages\/1654\/revisions"}],"predecessor-version":[{"id":1824,"href":"https:\/\/ivvfinland.fi\/de\/wp-json\/wp\/v2\/pages\/1654\/revisions\/1824"}],"wp:featuredmedia":[{"embeddable":true,"href":"https:\/\/ivvfinland.fi\/de\/wp-json\/wp\/v2\/media\/1184"}],"wp:attachment":[{"href":"https:\/\/ivvfinland.fi\/de\/wp-json\/wp\/v2\/media?parent=1654"}],"curies":[{"name":"wp","href":"https:\/\/api.w.org\/{rel}","templated":true}]}}