{"id":1658,"date":"2024-08-15T13:34:23","date_gmt":"2024-08-15T13:34:23","guid":{"rendered":"https:\/\/ivvfinland.fi\/tilausehdot\/"},"modified":"2024-08-23T12:35:09","modified_gmt":"2024-08-23T12:35:09","slug":"tilausehdot","status":"publish","type":"page","link":"https:\/\/ivvfinland.fi\/de\/tilausehdot\/","title":{"rendered":"Allgemeine Gesch\u00e4ftsbedingungen (AGB)"},"content":{"rendered":"\n<h1 class=\"wp-block-heading\">Allgemeine Gesch\u00e4ftsbedingungen (AGB)<\/h1>\n\n<h2 class=\"wp-block-heading\">Allgemeines<\/h2>\n\n<p>Pirkanmaan Matkailu ry, Firmen-ID: 0155492-9, verkauft Produkte an Unternehmen und vollj\u00e4hrige Privatpersonen weltweit. Diese Lieferbedingungen gelten f\u00fcr die Bestellung des Olympiapasses in unserem Online-Shop sowie f\u00fcr \u00e4hnliche Lieferungen. <\/p>\n\n<p>Diese Lieferbedingungen gelten ab dem 26.08.2024. Wir behalten uns das Recht vor, die Lieferbedingungen von Zeit zu Zeit einseitig zu \u00e4ndern, daher bitten wir Sie, sich vor jeder Bestellung in unserem Online-Shop \u00fcber die aktuellen Lieferbedingungen zu informieren. <\/p>\n\n<h2 class=\"wp-block-heading\">Produkte und Preise<\/h2>\n\n<p>Die Eigenschaften und Preise der Produkte im Online-Shop sind in der jeweiligen Produktbeschreibung angegeben. Wir behalten uns das Recht vor, Preise und Lieferkosten zu \u00e4ndern, daher \u00fcberpr\u00fcfen Sie bitte die aktuellen Preise im Warenkorb, bevor Sie die Bestellung abschlie\u00dfen. Die Preise der Produkte enthalten die zum Zeitpunkt der Bestellung geltende Mehrwertsteuer, die im Warenkorb und in der Bestellbest\u00e4tigung ausgewiesen wird.   <\/p>\n<\/p>\n<h2>Lieferkosten<\/h2>\n\n<p>F\u00fcr die Bestellung des Olympiapasses fallen keine Lieferkosten an. Der Olympiapass kann w\u00e4hrend der IVV Olympiade-Woche im Olympia-B\u00fcro des Olympia-Dorfes abgeholt werden. <\/p>\n<h2>Bestellung und Vertrag<\/h2>\n<p>Sie k\u00f6nnen Produkte auf den Webseiten unseres Online-Shops bestellen, indem Sie sie in den Warenkorb legen, die Bestellung best\u00e4tigen und den Inhalt des Warenkorbs \u00fcber den Zahlungsdienst bezahlen. Mit der Bestellung in unserem Online-Shop setzen wir voraus, dass Sie die jeweils geltenden Bestell- und Vertragsbedingungen gelesen haben und sich an diese halten. Sie werden verstehen, dass Ihre von uns best\u00e4tigte Bestellung verbindlich ist und -abgesehen von dem sp\u00e4ter erw\u00e4hnten Widerrufsrecht- einen Vertrag zwischen uns gem\u00e4\u00df diesen Bedingungen begr\u00fcndet.  <\/p>\n<h2>Zahlung und Zahlungsmethoden<\/h2>\n\n<p>Sie k\u00f6nnen Ihre Bestellung mit den im Online-Shop beschriebenen und im Warenkorb ausw\u00e4hlbaren Zahlungsmethoden bezahlen.<\/p>\n\n<h2 class=\"wp-block-heading\">Bestell- und Zahlungsbest\u00e4tigung<\/h2>\n\n<p>Nach erfolgreicher Bestellung wird eine Bestellbest\u00e4tigung an Ihre E-Mail-Adresse gesendet. Bitte geben Sie daher Ihre E-Mail-Adresse an, wenn Sie eine Bestellung aufgeben. In der Bestellbest\u00e4tigung wird auch die verwendete Zahlungsmethode best\u00e4tigt. <\/p>\n\n<p>Sollten wir aus unerwarteten Gr\u00fcnden Ihre Bestellung nicht best\u00e4tigen k\u00f6nnen, werden wir Sie dar\u00fcber so schnell wie m\u00f6glich per E-Mail informieren.<\/p>\n\n<h2 class=\"wp-block-heading\">Lieferart und -zeit<\/h2>\n\n<p>Die Olympiap\u00e4sse werden nicht an den Besteller versendet. Der Olympiapass kann w\u00e4hrend der IVV Olympiade-Woche im Olympia-B\u00fcro des Olympia-Dorfes abgeholt werden. Genaue \u00d6ffnungszeiten und Anweisungen werden zeitnah zum Veranstaltungstermin bekannt gegeben.  <\/p>\n\n<h2 class=\"wp-block-heading\">Widerrufsrecht<\/h2>\n\n<p>Die Teilnahme kann bis zum 30.04.2025 gegen Vorlage eines \u00e4rztlichen Attests storniert werden. F\u00fcr die Bearbeitung von Stornierungen erheben wir eine Bearbeitungsgeb\u00fchr von 50 Euro. Bitte senden Sie Ihren Stornierungsantrag an: info@ivvfinland.fi und f\u00fcgen Sie bitte Ihre Kontonummer sowie das \u00e4rztliche Attest bei.  <\/p>\n\n<h2 class=\"wp-block-heading\">Bestellpr\u00fcfung, Fehler und Probleml\u00f6sungen<\/h2>\n\n<p>Bitte \u00fcberpr\u00fcfen Sie die Bestellbest\u00e4tigung sofort nach Erhalt. Sollte die Bestellbest\u00e4tigung nicht mit Ihrer Bestellung \u00fcbereinstimmen oder fehlerhaft sein, informieren Sie uns bitte so schnell wie m\u00f6glich, sp\u00e4testens jedoch innerhalb von 14 Tagen, \u00fcber unseren Kundenservice, damit wir den Fehler beheben k\u00f6nnen. <\/p>\n\n<h2 class=\"wp-block-heading\">Kundenservice<\/h2>\n\n<p>Unser Team steht Ihnen bei Fragen zu Ihrer Bestellung zur Verf\u00fcgung. Bitte kontaktieren Sie uns unter: info@ivvfinland.fi. <\/p>\n\n<h2 class=\"wp-block-heading\">Haftungsbeschr\u00e4nkung<\/h2>\n\n<p>Pirkanmaan Matkailu ry haftet nicht f\u00fcr unmittelbare oder mittelbare Sch\u00e4den oder andere Verluste, die im Zusammenhang mit der Bestellung, Lieferung oder dem Produkt stehen oder daraus resultieren, es sei denn, eine zwingende Bestimmung des Verbraucherschutzgesetzes oder eines anderen zwingenden Gesetzes schreibt f\u00fcr den betreffenden Schaden etwas anderes vor.<\/p>\n\n<h2 class=\"wp-block-heading\">Streitigkeiten<\/h2>\n\n<p>Wir bem\u00fchen uns, eventuelle Unstimmigkeiten im Zusammenhang mit Ihrer Bestellung vorrangig durch eine g\u00fctliche Einigung beizulegen. Bitte wenden Sie sich daher zun\u00e4chst an unseren Kundenservice, um eine L\u00f6sung zu finden.<\/p>\n\n<p>Sollte eine Streitigkeit \u00fcber den Kaufvertrag nicht durch Verhandlungen zwischen den Parteien gel\u00f6st werden k\u00f6nnen, kann der Verbraucher die Angelegenheit zur Entscheidung an die Verbraucherschlichtungsstelle (www.kuluttajariita.fi) weiterleiten. Vor der Einreichung des Falls bei der Verbraucherschlichtungsstelle muss der Verbraucher die Verbraucherberatung der \u00f6rtlichen Magistrate kontaktieren (www.kuluttajaneuvonta.fi). <\/p>\n","protected":false},"excerpt":{"rendered":"<p>Allgemeine Gesch\u00e4ftsbedingungen (AGB) Allgemeines Pirkanmaan Matkailu ry, Firmen-ID: 0155492-9, verkauft Produkte an Unternehmen und vollj\u00e4hrige Privatpersonen weltweit. Diese Lieferbedingungen gelten f\u00fcr die Bestellung des Olympiapasses in unserem Online-Shop sowie f\u00fcr&#8230;<\/p>\n","protected":false},"author":1,"featured_media":0,"parent":0,"menu_order":0,"comment_status":"closed","ping_status":"closed","template":"","meta":{"_kad_blocks_custom_css":"","_kad_blocks_head_custom_js":"","_kad_blocks_body_custom_js":"","_kad_blocks_footer_custom_js":"","_EventAllDay":false,"_EventTimezone":"","_EventStartDate":"","_EventEndDate":"","_EventStartDateUTC":"","_EventEndDateUTC":"","_EventShowMap":false,"_EventShowMapLink":false,"_EventURL":"","_EventCost":"","_EventCostDescription":"","_EventCurrencySymbol":"","_EventCurrencyCode":"","_EventCurrencyPosition":"","_EventDateTimeSeparator":"","_EventTimeRangeSeparator":"","_EventOrganizerID":[],"_EventVenueID":[],"_OrganizerEmail":"","_OrganizerPhone":"","_OrganizerWebsite":"","_VenueAddress":"","_VenueCity":"","_VenueCountry":"","_VenueProvince":"","_VenueState":"","_VenueZip":"","_VenuePhone":"","_VenueURL":"","_VenueStateProvince":"","_VenueLat":"","_VenueLng":"","_VenueShowMap":false,"_VenueShowMapLink":false,"_kadence_starter_templates_imported_post":false,"_kad_post_transparent":"","_kad_post_title":"hide","_kad_post_layout":"","_kad_post_sidebar_id":"","_kad_post_content_style":"","_kad_post_vertical_padding":"","_kad_post_feature":"","_kad_post_feature_position":"","_kad_post_header":false,"_kad_post_footer":false,"_kad_post_classname":"","footnotes":""},"class_list":["post-1658","page","type-page","status-publish","hentry"],"taxonomy_info":[],"featured_image_src_large":false,"author_info":{"display_name":"admin","author_link":"https:\/\/ivvfinland.fi\/de\/author\/jj_admin\/"},"comment_info":0,"_links":{"self":[{"href":"https:\/\/ivvfinland.fi\/de\/wp-json\/wp\/v2\/pages\/1658","targetHints":{"allow":["GET"]}}],"collection":[{"href":"https:\/\/ivvfinland.fi\/de\/wp-json\/wp\/v2\/pages"}],"about":[{"href":"https:\/\/ivvfinland.fi\/de\/wp-json\/wp\/v2\/types\/page"}],"author":[{"embeddable":true,"href":"https:\/\/ivvfinland.fi\/de\/wp-json\/wp\/v2\/users\/1"}],"replies":[{"embeddable":true,"href":"https:\/\/ivvfinland.fi\/de\/wp-json\/wp\/v2\/comments?post=1658"}],"version-history":[{"count":3,"href":"https:\/\/ivvfinland.fi\/de\/wp-json\/wp\/v2\/pages\/1658\/revisions"}],"predecessor-version":[{"id":1826,"href":"https:\/\/ivvfinland.fi\/de\/wp-json\/wp\/v2\/pages\/1658\/revisions\/1826"}],"wp:attachment":[{"href":"https:\/\/ivvfinland.fi\/de\/wp-json\/wp\/v2\/media?parent=1658"}],"curies":[{"name":"wp","href":"https:\/\/api.w.org\/{rel}","templated":true}]}}